{"id":45,"date":"2022-10-07T21:19:03","date_gmt":"2022-10-07T21:19:03","guid":{"rendered":"https:\/\/asturgarri.com\/?page_id=6"},"modified":"2022-10-09T19:11:31","modified_gmt":"2022-10-09T19:11:31","slug":"fotos","status":"publish","type":"page","link":"https:\/\/asturgarri.com\/index.php\/fotos\/","title":{"rendered":"Fotografias"},"content":{"rendered":"\n\n\n\n\n\n\n\n\n\n\n\n\n\n\n\n\n\n\n\n\n<p><b>IMPORTANTE:<\/b><o:p><\/o:p><\/p><p style=\"margin-bottom:12.0pt\"><br>\nComo observar\u00e9is las fotos vienen sin fecha, sin nombres, bueno sin nada. Est\u00e1n\ntiradas a boleo. Por tres motivos fundamentalmente.<o:p><\/o:p><\/p><p>1\u00ba.-No me acuerdo de casi nada. Un verdadero \u00abCAOS\u00bb sobre todo en\nlos nombres. Estoy casi seguro que si me ense\u00f1\u00e1is una foto de un equipo\ncualquiera del CID y me dais el nombre de los componentes podr\u00eda ir\nse\u00f1al\u00e1ndolos en la foto, pero al rev\u00e9s creo que no ser\u00edan muchos los nombres de\nlos que me acordar\u00eda. Adem\u00e1s me fastidia en una foto de equipo no poner los\nnombres de todos. <o:p><\/o:p><\/p><p><br>\n2\u00ba.-Como las fotos est\u00e1n tiradas de cualquier manera y sin identificaci\u00f3n a\npenas, pues tendr\u00e9is que repasarlas todas (je,je,je&#8230;) y es posible que\nencontr\u00e9is sorpresas agradables siempre. <o:p><\/o:p><\/p><p>\n\n\n\n\n\n\n\n<\/p><p><br>\n3\u00ba.-Todas las fotos est\u00e1n numeradas. Propongo una \u00faltima ACTIVIDAD. El rastreo\nde fechas, actividad, lugares y nombres de las fotos. Invitando a todo aquel\nque sep\u00e1is que ha sido del CID (aunque solo los conozc\u00e1is de vista)que vean las\nfotos en la P\u00e1gina Web, que identifiquen lo que puedan y lo manden por correo\nelectr\u00f3nico para ir coloc\u00e1ndolo en la hoja de identificaci\u00f3n de fotos.&nbsp;<o:p><\/o:p><\/p>\n\n\n\n\n\n\n\n\n\n\n\n\n\n\n\n\n","protected":false},"excerpt":{"rendered":"","protected":false},"author":1,"featured_media":0,"parent":0,"menu_order":0,"comment_status":"closed","ping_status":"closed","template":"elementor_theme","meta":{"om_disable_all_campaigns":false,"_monsterinsights_skip_tracking":false,"_monsterinsights_sitenote_active":false,"_monsterinsights_sitenote_note":"","_monsterinsights_sitenote_category":0},"aioseo_notices":[],"_links":{"self":[{"href":"https:\/\/asturgarri.com\/index.php\/wp-json\/wp\/v2\/pages\/45"}],"collection":[{"href":"https:\/\/asturgarri.com\/index.php\/wp-json\/wp\/v2\/pages"}],"about":[{"href":"https:\/\/asturgarri.com\/index.php\/wp-json\/wp\/v2\/types\/page"}],"author":[{"embeddable":true,"href":"https:\/\/asturgarri.com\/index.php\/wp-json\/wp\/v2\/users\/1"}],"replies":[{"embeddable":true,"href":"https:\/\/asturgarri.com\/index.php\/wp-json\/wp\/v2\/comments?post=45"}],"version-history":[{"count":12,"href":"https:\/\/asturgarri.com\/index.php\/wp-json\/wp\/v2\/pages\/45\/revisions"}],"predecessor-version":[{"id":3066,"href":"https:\/\/asturgarri.com\/index.php\/wp-json\/wp\/v2\/pages\/45\/revisions\/3066"}],"wp:attachment":[{"href":"https:\/\/asturgarri.com\/index.php\/wp-json\/wp\/v2\/media?parent=45"}],"curies":[{"name":"wp","href":"https:\/\/api.w.org\/{rel}","templated":true}]}}